{"id":59,"date":"2021-12-08T08:30:37","date_gmt":"2021-12-08T08:30:37","guid":{"rendered":"http:\/\/www.pontistra.si\/?page_id=59"},"modified":"2021-12-08T09:20:49","modified_gmt":"2021-12-08T09:20:49","slug":"rezidenca","status":"publish","type":"page","link":"http:\/\/www.pontistra.si\/index.php\/rezidenca\/","title":{"rendered":"Rezidenca"},"content":{"rendered":"<h2>Umetni\u0161ka rezidenca \u2013 Hi\u0161a Alojza Kocjan\u010di\u010da v Kubedu<\/h2>\n<p><img loading=\"lazy\" class=\"wp-image-98 size-large aligncenter\" src=\"http:\/\/www.pontistra.si\/wp-content\/uploads\/2021\/12\/Rezidenca-1024x561.jpg\" alt=\"\" width=\"750\" height=\"411\" srcset=\"http:\/\/www.pontistra.si\/wp-content\/uploads\/2021\/12\/Rezidenca-1024x561.jpg 1024w, http:\/\/www.pontistra.si\/wp-content\/uploads\/2021\/12\/Rezidenca-300x165.jpg 300w, http:\/\/www.pontistra.si\/wp-content\/uploads\/2021\/12\/Rezidenca-768x421.jpg 768w, http:\/\/www.pontistra.si\/wp-content\/uploads\/2021\/12\/Rezidenca-1536x842.jpg 1536w, http:\/\/www.pontistra.si\/wp-content\/uploads\/2021\/12\/Rezidenca-2048x1123.jpg 2048w, http:\/\/www.pontistra.si\/wp-content\/uploads\/2021\/12\/Rezidenca-1568x860.jpg 1568w\" sizes=\"(max-width: 750px) 100vw, 750px\" \/><\/p>\n","protected":false},"excerpt":{"rendered":"<p>Umetni\u0161ka rezidenca \u2013 Hi\u0161a Alojza Kocjan\u010di\u010da v Kubedu<\/p>\n","protected":false},"author":1,"featured_media":0,"parent":0,"menu_order":0,"comment_status":"closed","ping_status":"closed","template":"","meta":[],"_links":{"self":[{"href":"http:\/\/www.pontistra.si\/index.php\/wp-json\/wp\/v2\/pages\/59"}],"collection":[{"href":"http:\/\/www.pontistra.si\/index.php\/wp-json\/wp\/v2\/pages"}],"about":[{"href":"http:\/\/www.pontistra.si\/index.php\/wp-json\/wp\/v2\/types\/page"}],"author":[{"embeddable":true,"href":"http:\/\/www.pontistra.si\/index.php\/wp-json\/wp\/v2\/users\/1"}],"replies":[{"embeddable":true,"href":"http:\/\/www.pontistra.si\/index.php\/wp-json\/wp\/v2\/comments?post=59"}],"version-history":[{"count":2,"href":"http:\/\/www.pontistra.si\/index.php\/wp-json\/wp\/v2\/pages\/59\/revisions"}],"predecessor-version":[{"id":99,"href":"http:\/\/www.pontistra.si\/index.php\/wp-json\/wp\/v2\/pages\/59\/revisions\/99"}],"wp:attachment":[{"href":"http:\/\/www.pontistra.si\/index.php\/wp-json\/wp\/v2\/media?parent=59"}],"curies":[{"name":"wp","href":"https:\/\/api.w.org\/{rel}","templated":true}]}}