{"id":17,"date":"2021-10-22T08:45:04","date_gmt":"2021-10-22T08:45:04","guid":{"rendered":"http:\/\/181.ablak.arnes.si\/?page_id=17"},"modified":"2025-11-11T15:56:52","modified_gmt":"2025-11-11T14:56:52","slug":"o-nagradi","status":"publish","type":"page","link":"https:\/\/www.pontistra.si\/index.php\/o-nagradi\/","title":{"rendered":"O nagradi"},"content":{"rendered":"<h2><strong>Namen Evro-sredozemske literarne nagrade PONT<\/strong><\/h2>\n<p>Evropsko in sredozemsko literarno nagrado PONT (v nadaljevanju literarna nagrada Pont) podeljujeta ZRS Koper in Zalo\u017eba Beletrina s finan\u010dno podporo Mestne ob\u010dine Koper, morebitnih drugih lokalnih skupnosti in sponzorjev ter ob sodelovanju razli\u010dnih kulturnih organizacij.<\/p>\n<p>Nagrada je nastala na osnovi zbirke medkulturne knji\u017eevnosti Pont Annales, ki izhaja pri Znanstveni zalo\u017ebi Annales ZRS Koper, pri \u010demer se je koncept literarne nagrade Pont in nove istoimenske zbirke v sozalo\u017eni\u0161tvu Beletrine in Annales ZRS Koper pomembno nadgradil in raz\u0161iril.<\/p>\n<p>Ime nagrade izhaja iz izraza pont, ki v sodobni franco\u0161\u010dini in vali\u017ean\u0161\u010dini pomeni most, obenem je to bilo ime gr\u0161kega predolimpijskega boga morja in ime regije ob \u010crnem morju, ki se je v stari gr\u0161\u010dini oz. latin\u0161\u010dini imenovalo Pontos Euxeinos\/Pontus Eux\u012bnus&nbsp; \u2013 Gostoljubno morje.<\/p>\n<p>Gostoljubje, ki ga omogo\u010data \u0161irina in brezmejnost morja, bo dolo\u010dalo tudi literarno nagrado Pont, zato je njen namen trojen:<\/p>\n<ol>\n<li>Namen nagrade je dati te\u017eo poetikam, ki so usmerjene v preseganje meja in iskanje mostov med razli\u010dnimi dru\u017ebenimi skupinami, kulturnimi in verskimi skupnostmi. Nagrada se podeljuje za izjemne dose\u017eke na podro\u010dju knji\u017eevnosti, ki je posebej senzibilna za vpra\u0161anja potreb ljudi iz razli\u010dnih, tudi marginalnih dru\u017ebenih skupin in se s posebno ob\u010dutljivostjo dotika tem, povezanih z nekdanjimi ali novodobnimi kulturnimi stiki.<\/li>\n<li>Nagrada \u017eeli dvigati splo\u0161no zavest za vpra\u0161anja medkulturnega razumevanja v naj\u0161ir\u0161em smislu in opozarjati na medkulturnost, medgeneracijskost in dru\u017ebeno solidarnost kot na visoko eti\u010dne in obenem tudi povsem pragmati\u010dne vrednote.<\/li>\n<li>Koper in celotna Slovenska Istra sta kot del Sredozemlja \u017ee od nekdaj tak\u0161en prostor kultur v stiku, zato je namen nagrade tudi dvigati prepoznavnost mesta Koper, njegove zgodovine in kulture, v slovenskem in mednarodnem prostoru. Obenem nagrada bogati kulturno ponudbo mesta in \u0161ir\u0161e regije.<\/li>\n<\/ol>\n<p><strong>Oblika nagrade <\/strong><\/p>\n<p>Nagrada se podeljuje slovenskim, evropskim in sredozemskim knji\u017eevnim ustvarjalcem\/-kam iz Evrope in Sredozemlja. Nagrada obsega: finan\u010dno nagrado, (do enomese\u010dno) ustvarjalno bivanje v mestni ob\u010dini Koper, aktivnosti in dogodke, povezane z nagrado in izdajo novega dela (slovenskega izvirnika ali prevoda v sloven\u0161\u010dino) v literarni zbirki Pont, ki izhaja v sozalo\u017eni\u0161tvu zalo\u017ebe Beletrina in zalo\u017ebe Annales ZRS Koper.<\/p>\n<p>Nagrada se podeljuje enkrat letno, bodisi v spomladanskem bodisi v jesenskem \u010dasu.<\/p>\n<p>Za zgoraj opisane dose\u017eke se z istim namenom podelijo tudi 3 listine \u2013 \u0161tipendije, ki obsegajo (do enomese\u010dno) ustvarjalno bivanje v Kopru, in sicer:<\/p>\n<ul>\n<li>perspektivnemu slovenskemu ali tujemu knji\u017eevnemu ustvarjalcu\/-ki,<\/li>\n<li>knji\u017eevnemu prevajalcu\/-ki,<\/li>\n<li>priznanemu strokovnjaku s podro\u010dja jezika in knji\u017eevnosti.<\/li>\n<\/ul>\n<p>Listina \u2013 \u0161tipendija se podeljuje po naslednjih korakih:<\/p>\n<ul>\n<li>izbor \u0161tipendistov: do 21. marca (svetovnega dneva poezije) ali do 26. septembra 2021 (svetovnega dneva jezikov),<\/li>\n<li>podelitev listine \u2013 \u0161tipendije z rezidenco: v \u010dasu od aprila do julija ali od oktobra do decembra.<\/li>\n<\/ul>\n\n\n<figure class=\"wp-block-image size-full\"><img loading=\"lazy\" decoding=\"async\" width=\"846\" height=\"100\" src=\"http:\/\/www.pontistra.si\/wp-content\/uploads\/2025\/11\/Picture2-1.png\" alt=\"\" class=\"wp-image-335\" srcset=\"https:\/\/www.pontistra.si\/wp-content\/uploads\/2025\/11\/Picture2-1.png 846w, https:\/\/www.pontistra.si\/wp-content\/uploads\/2025\/11\/Picture2-1-300x35.png 300w, https:\/\/www.pontistra.si\/wp-content\/uploads\/2025\/11\/Picture2-1-768x91.png 768w\" sizes=\"auto, (max-width: 846px) 100vw, 846px\" \/><\/figure>\n","protected":false},"excerpt":{"rendered":"<p>Namen Evro-sredozemske literarne nagrade PONT Evropsko in sredozemsko literarno nagrado PONT (v nadaljevanju literarna nagrada Pont) podeljujeta ZRS Koper in Zalo\u017eba Beletrina s finan\u010dno podporo Mestne ob\u010dine Koper, morebitnih drugih lokalnih skupnosti in sponzorjev ter ob sodelovanju razli\u010dnih kulturnih organizacij. Nagrada je nastala na osnovi zbirke medkulturne knji\u017eevnosti Pont Annales, ki izhaja pri Znanstveni zalo\u017ebi&hellip; <a class=\"more-link\" href=\"https:\/\/www.pontistra.si\/index.php\/o-nagradi\/\">Continue reading <span class=\"screen-reader-text\">O nagradi<\/span><\/a><\/p>\n","protected":false},"author":1,"featured_media":0,"parent":0,"menu_order":0,"comment_status":"closed","ping_status":"closed","template":"","meta":{"footnotes":""},"class_list":["post-17","page","type-page","status-publish","hentry","entry"],"_links":{"self":[{"href":"https:\/\/www.pontistra.si\/index.php\/wp-json\/wp\/v2\/pages\/17","targetHints":{"allow":["GET"]}}],"collection":[{"href":"https:\/\/www.pontistra.si\/index.php\/wp-json\/wp\/v2\/pages"}],"about":[{"href":"https:\/\/www.pontistra.si\/index.php\/wp-json\/wp\/v2\/types\/page"}],"author":[{"embeddable":true,"href":"https:\/\/www.pontistra.si\/index.php\/wp-json\/wp\/v2\/users\/1"}],"replies":[{"embeddable":true,"href":"https:\/\/www.pontistra.si\/index.php\/wp-json\/wp\/v2\/comments?post=17"}],"version-history":[{"count":5,"href":"https:\/\/www.pontistra.si\/index.php\/wp-json\/wp\/v2\/pages\/17\/revisions"}],"predecessor-version":[{"id":336,"href":"https:\/\/www.pontistra.si\/index.php\/wp-json\/wp\/v2\/pages\/17\/revisions\/336"}],"wp:attachment":[{"href":"https:\/\/www.pontistra.si\/index.php\/wp-json\/wp\/v2\/media?parent=17"}],"curies":[{"name":"wp","href":"https:\/\/api.w.org\/{rel}","templated":true}]}}