{"id":61,"date":"2021-12-08T08:30:48","date_gmt":"2021-12-08T08:30:48","guid":{"rendered":"http:\/\/www.pontistra.si\/?page_id=61"},"modified":"2025-11-04T11:39:08","modified_gmt":"2025-11-04T10:39:08","slug":"publikacije","status":"publish","type":"page","link":"https:\/\/www.pontistra.si\/index.php\/publikacije\/","title":{"rendered":"Objave"},"content":{"rendered":"\n<figure class=\"wp-block-embed is-type-video is-provider-youtube wp-block-embed-youtube wp-embed-aspect-16-9 wp-has-aspect-ratio\"><div class=\"wp-block-embed__wrapper\">\n<iframe loading=\"lazy\" title=\"Beletrina v \u017eivo: Stefan Hertmans: Vzpon\" width=\"750\" height=\"422\" src=\"https:\/\/www.youtube.com\/embed\/fnYxz3Pu0n8?start=89&#038;feature=oembed\" frameborder=\"0\" allow=\"accelerometer; autoplay; clipboard-write; encrypted-media; gyroscope; picture-in-picture; web-share\" referrerpolicy=\"strict-origin-when-cross-origin\" allowfullscreen><\/iframe>\n<\/div><figcaption>Ogledate si lahko pogovor z enim najvidnej\u0161ih flamskih avtorjev, Stefanom Hertmansom, prejemnikom knji\u017eevne nagrade PONT 2024. Z njim se je o njegovem romanu Vzpon pogovarjal Goran Vojnovi\u0107.<br>Roman razkriva pretresljivo zgodbo o hi\u0161i, ki jo je Hertmans kupil v Gentu, in njenem nekdanjem lastniku \u2013 \u010dlanu SS. V prepletu detektivske napetosti, avtobiografskih prvin in stvarne literature avtor raziskuje skrivnosti preteklosti ter ob\u010dutljivo razmerje med spominom, krivdo in resnico.<\/figcaption><\/figure>\n\n\n\n<figure class=\"wp-block-embed is-type-video is-provider-youtube wp-block-embed-youtube wp-embed-aspect-16-9 wp-has-aspect-ratio\"><div class=\"wp-block-embed__wrapper\">\n<iframe loading=\"lazy\" title=\"Beletrina v \u017eivo: Jan Wagner\" width=\"750\" height=\"422\" src=\"https:\/\/www.youtube.com\/embed\/2Fr44GuUurQ?feature=oembed\" frameborder=\"0\" allow=\"accelerometer; autoplay; clipboard-write; encrypted-media; gyroscope; picture-in-picture; web-share\" referrerpolicy=\"strict-origin-when-cross-origin\" allowfullscreen><\/iframe>\n<\/div><figcaption>Vabljeni k ogledu oddaje Beletrina v \u017eivo, kjer se o delu Avtoportret z rojem \u010debel pogovarjata avtor Jan Wagner in Igor Divjak, samostojni literarni kritik in \u017eirant nagrade pont.<\/figcaption><\/figure>\n\n\n\n<p><a href=\"https:\/\/arhiv.zrs-kp.si\/art-sl\/literatura\/literarna-nagrada-pont-letos-v-roke-janu-wagnerju\/\">Literarna nagrada PONT letos v roke Janu Wagnerju \u2013 ZRS Koper<\/a><\/p>\n\n\n\n<p><strong><span style=\"color:#a30096\" class=\"has-inline-color\">Zanimive povezave: <\/span><\/strong><\/p>\n\n\n\n<ul class=\"wp-block-list\"><li><a href=\"https:\/\/primorske.svet24.si\/kultura\/prva-koprska-nagrada-pont-josipu-ostiju\/\"><kbd>https:\/\/primorske.svet24.si\/kultura\/prva-koprska-nagrada-pont-josipu-ostiju\/<\/kbd><\/a><\/li><li><a href=\"https:\/\/www.regionalobala.si\/novica\/koper-na-evropskem-zemljevidu-literarnih-mest-jutri-bodo-prvic-podelili-mednarodno-nagrado-pont\">https:\/\/www.regionalobala.si\/novica\/koper-na-evropskem-zemljevidu-literarnih-mest-jutri-bodo-prvic-podelili-mednarodno-nagrado-pont<\/a><\/li><li><a href=\"https:\/\/kritik.si\/2018\/11\/16\/josip-osti-prejel-literarno-nagrado-pont\/\">https:\/\/kritik.si\/2018\/11\/16\/josip-osti-prejel-literarno-nagrado-pont\/<\/a><\/li><li><a href=\"https:\/\/misli.sta.si\/2948338\/literarna-nagrada-pont-letos-v-roke-janu-wagnerju\">https:\/\/misli.sta.si\/2948338\/literarna-nagrada-pont-letos-v-roke-janu-wagnerju<\/a><\/li><li><a href=\"https:\/\/www.metropolitan.si\/scena\/dr-vesna-mikolic-slovenski-mediteran-je-bil-od-nekdaj-prostor-romansko-slovanskega-stika\/\">https:\/\/www.metropolitan.si\/scena\/dr-vesna-mikolic-slovenski-mediteran-je-bil-od-nekdaj-prostor-romansko-slovanskega-stika\/<\/a><\/li><li><a href=\"https:\/\/ars.rtvslo.si\/podkast\/svet-kulture\/64838778\/174809108\">https:\/\/ars.rtvslo.si\/podkast\/svet-kulture\/64838778\/174809108<\/a><\/li><li><a href=\"https:\/\/www.rtvslo.si\/kultura\/knjige\/evrosredozemska-nagrada-pont-2024-flamskemu-pisatelju-stefanu-hertmansu\/721542\">https:\/\/www.rtvslo.si\/kultura\/knjige\/evrosredozemska-nagrada-pont-2024-flamskemu-pisatelju-stefanu-hertmansu\/721542<\/a><\/li><li><a href=\"https:\/\/www.sta.si\/3364628\/v-kopru-drevi-podelitev-evro-sredozemske-knjizevne-nagrade-in-listin-pont\">https:\/\/www.sta.si\/3364628\/v-kopru-drevi-podelitev-evro-sredozemske-knjizevne-nagrade-in-listin-pont<\/a><\/li><li><a href=\"https:\/\/vrabecanarhist.eu\/2021\/09\/25\/mednarodno-nagrado-pont-bodo-v-kopru-podelili-janu-wagnerju\/\">https:\/\/vrabecanarhist.eu\/2021\/09\/25\/mednarodno-nagrado-pont-bodo-v-kopru-podelili-janu-wagnerju\/<\/a><\/li><li><a href=\"https:\/\/beletrina.si\/novice\/slovesna-podelitev-evro-sredozemske-knjizevne-nagrade-pont-2024\">https:\/\/beletrina.si\/novice\/slovesna-podelitev-evro-sredozemske-knjizevne-nagrade-pont-2024<\/a><\/li><li><a href=\"https:\/\/www.dobreknjige.si\/nagrada-pont-2024\/\">https:\/\/www.dobreknjige.si\/nagrada-pont-2024\/<\/a><\/li><li><a href=\"https:\/\/primorske.svet24.si\/znacka\/nagrada-pont\/\">https:\/\/primorske.svet24.si\/znacka\/nagrada-pont\/<\/a><\/li><li><a href=\"https:\/\/primorske.svet24.si\/kultura\/prejemnik-nagrade-pont-stefan-hertmans-budilka-naj\/\">https:\/\/primorske.svet24.si\/kultura\/prejemnik-nagrade-pont-stefan-hertmans-budilka-naj\/<\/a><\/li><li><a href=\"https:\/\/www.regionalobala.si\/novica\/podeljena-literarna-nagrada-pont-prejel-jo-je-nemski-pesnik-jan-wagner-foto\">https:\/\/www.regionalobala.si\/novica\/podeljena-literarna-nagrada-pont-prejel-jo-je-nemski-pesnik-jan-wagner-foto<\/a><\/li><li><a href=\"https:\/\/www.regionalobala.si\/novica\/zrs-koper-razglasil-dobitnike-nagrade-in-listin-pont-2024-za-nas-medkulturnost-ni-fraza-foto\">https:\/\/www.regionalobala.si\/novica\/zrs-koper-razglasil-dobitnike-nagrade-in-listin-pont-2024-za-nas-medkulturnost-ni-fraza-foto<\/a><\/li><li><a href=\"https:\/\/megafon.si\/kultura-vse\/v-kopru-drevi-podelitev-evro-sredozemske-knjizevne-nagrade-in-listin-pont\/\">https:\/\/megafon.si\/kultura-vse\/v-kopru-drevi-podelitev-evro-sredozemske-knjizevne-nagrade-in-listin-pont\/<\/a><\/li><li><a href=\"http:\/\/primorskival.si\/novica.php?oid=22115\">http:\/\/primorskival.si\/novica.php?oid=22115<\/a><\/li><\/ul>\n","protected":false},"excerpt":{"rendered":"<p>Literarna nagrada PONT letos v roke Janu Wagnerju \u2013 ZRS Koper Zanimive povezave: https:\/\/primorske.svet24.si\/kultura\/prva-koprska-nagrada-pont-josipu-ostiju\/ https:\/\/www.regionalobala.si\/novica\/koper-na-evropskem-zemljevidu-literarnih-mest-jutri-bodo-prvic-podelili-mednarodno-nagrado-pont https:\/\/kritik.si\/2018\/11\/16\/josip-osti-prejel-literarno-nagrado-pont\/ https:\/\/misli.sta.si\/2948338\/literarna-nagrada-pont-letos-v-roke-janu-wagnerju https:\/\/www.metropolitan.si\/scena\/dr-vesna-mikolic-slovenski-mediteran-je-bil-od-nekdaj-prostor-romansko-slovanskega-stika\/ https:\/\/ars.rtvslo.si\/podkast\/svet-kulture\/64838778\/174809108 https:\/\/www.rtvslo.si\/kultura\/knjige\/evrosredozemska-nagrada-pont-2024-flamskemu-pisatelju-stefanu-hertmansu\/721542 https:\/\/www.sta.si\/3364628\/v-kopru-drevi-podelitev-evro-sredozemske-knjizevne-nagrade-in-listin-pont https:\/\/vrabecanarhist.eu\/2021\/09\/25\/mednarodno-nagrado-pont-bodo-v-kopru-podelili-janu-wagnerju\/ https:\/\/beletrina.si\/novice\/slovesna-podelitev-evro-sredozemske-knjizevne-nagrade-pont-2024 https:\/\/www.dobreknjige.si\/nagrada-pont-2024\/ https:\/\/primorske.svet24.si\/znacka\/nagrada-pont\/ https:\/\/primorske.svet24.si\/kultura\/prejemnik-nagrade-pont-stefan-hertmans-budilka-naj\/ https:\/\/www.regionalobala.si\/novica\/podeljena-literarna-nagrada-pont-prejel-jo-je-nemski-pesnik-jan-wagner-foto https:\/\/www.regionalobala.si\/novica\/zrs-koper-razglasil-dobitnike-nagrade-in-listin-pont-2024-za-nas-medkulturnost-ni-fraza-foto https:\/\/megafon.si\/kultura-vse\/v-kopru-drevi-podelitev-evro-sredozemske-knjizevne-nagrade-in-listin-pont\/ http:\/\/primorskival.si\/novica.php?oid=22115<\/p>\n","protected":false},"author":1,"featured_media":0,"parent":0,"menu_order":0,"comment_status":"closed","ping_status":"closed","template":"","meta":{"footnotes":""},"class_list":["post-61","page","type-page","status-publish","hentry","entry"],"_links":{"self":[{"href":"https:\/\/www.pontistra.si\/index.php\/wp-json\/wp\/v2\/pages\/61","targetHints":{"allow":["GET"]}}],"collection":[{"href":"https:\/\/www.pontistra.si\/index.php\/wp-json\/wp\/v2\/pages"}],"about":[{"href":"https:\/\/www.pontistra.si\/index.php\/wp-json\/wp\/v2\/types\/page"}],"author":[{"embeddable":true,"href":"https:\/\/www.pontistra.si\/index.php\/wp-json\/wp\/v2\/users\/1"}],"replies":[{"embeddable":true,"href":"https:\/\/www.pontistra.si\/index.php\/wp-json\/wp\/v2\/comments?post=61"}],"version-history":[{"count":13,"href":"https:\/\/www.pontistra.si\/index.php\/wp-json\/wp\/v2\/pages\/61\/revisions"}],"predecessor-version":[{"id":304,"href":"https:\/\/www.pontistra.si\/index.php\/wp-json\/wp\/v2\/pages\/61\/revisions\/304"}],"wp:attachment":[{"href":"https:\/\/www.pontistra.si\/index.php\/wp-json\/wp\/v2\/media?parent=61"}],"curies":[{"name":"wp","href":"https:\/\/api.w.org\/{rel}","templated":true}]}}